{"id":24,"date":"2013-09-18T02:45:10","date_gmt":"2013-09-18T00:45:10","guid":{"rendered":"http:\/\/pasarelagasteizon.com\/wordpress\/?page_id=24"},"modified":"2025-10-24T15:24:14","modified_gmt":"2025-10-24T13:24:14","slug":"desfiles","status":"publish","type":"page","link":"http:\/\/pasarelagasteizon.com\/wordpress\/desfiles\/","title":{"rendered":"DESFILES"},"content":{"rendered":"<p><b>MARTES 4 \/ ASTEARTEA 20:00<\/b><\/p>\n<p>\u2022 TENDENCIAS \/ JOERAK: Presentaci\u00f3n de las Tendencias de la temporada con prendas de comercios locales.*<\/p>\n<p>\u2022 GUIKURI: Independencia, 30<\/p>\n<p>\u2022 BOUTIQUE INFANTIL ELBE: Canciller Ayala, 1<\/p>\n<p>\u2022 DISE\u00d1ADORA \/ DISENATZAILEA: Eva G\u00f3mez &#8211; Elysea Studio<\/p>\n<p>\u2022 MARA MUJER: Beato Tom\u00e1s de Zum\u00e1rraga, 34<\/p>\n<p>&nbsp;<\/p>\n<p><b>MI\u00c9RCOLES 5 \/ ASTEAZKENA 20:00<\/b><\/p>\n<p>\u2022 TENDENCIAS \/ JOERAK: Presentaci\u00f3n de las Tendencias de la temporada con prendas de comercios locales.*<\/p>\n<p>\u2022 GALER\u00cdAS XARA: Badaia, 21<\/p>\n<p>\u2022 ATELIER VITORIA: Domingo Beltr\u00e1n, 39<\/p>\n<p>\u2022 DISE\u00d1ADOR \/ DISENATZAILEA: Jon Vacas &#8211; Ko\u00eb Atelier<\/p>\n<p>\u2022 LA LUNA MERCER\u00cdA: Aranz\u00e1bal, 7<\/p>\n<p>&nbsp;<\/p>\n<p><b>JUEVES 6 \/ OSTEGUNA 20:00<\/b><\/p>\n<p>Entrega del premio al\/la modelo con mayor proyecci\u00f3n \/ Proiekzio handieneko modeloari saria<\/p>\n<p>\u2022 TENDENCIAS \/ JOERAK: Presentaci\u00f3n de las Tendencias de la temporada con prendas de comercios locales.*<\/p>\n<p>\u2022 LORENA BOUTIQUE: Ort\u00edz de Z\u00e1rate, 11<\/p>\n<p>\u2022 BUSHI SPORT: Basoa, 9<\/p>\n<p>\u2022 LILROUSSE: San Prudencio 31, Planta 3 Oficina 61 (Edificio \u00d3pera)<\/p>\n<p>\u2022 MODA MAR\u00cdA JES\u00daS: Portal de Foronda, 32<\/p>\n<p>&nbsp;<\/p>\n<p>CALZADO \/ OINETAKOAK \u2013 Calzados Pasos<\/p>\n<p>MANICURA \/ MANIKURA &#8211; Centro Glow<\/p>\n<p>*En los pases desfilar\u00e1n personas pertenecientes a la ONCE (Organizaci\u00f3n Nacional de Ciegos Espa\u00f1oles)<\/p>\n<p>&nbsp;<\/p>\n<p>LOS DESFILES DE TENDENCIAS SE PRESENTAN CON LOOKS REALIZADOS CON PRENDAS DE:<\/p>\n<ul>\n<li>Alain Afflelou<\/li>\n<li>Alpargatas Alben<\/li>\n<li>Baskonia Alav\u00e9s Store<\/li>\n<li>Cariella By Carmen Guinea<\/li>\n<li>Complementos Bego\u00f1a<\/li>\n<li>Cooast<\/li>\n<li>Distintos Moda<\/li>\n<li>D-Sastre<\/li>\n<li>Entre 2<\/li>\n<li>Galer\u00edas Xara<\/li>\n<li>Impacto<\/li>\n<li>La Casa de los Complementos<\/li>\n<li>laCasilda<\/li>\n<li>Lanas Maika<\/li>\n<li>Lanas Zelanda y Cristina<\/li>\n<li>Lilrousse<\/li>\n<li>Luyando \u00d3pticos<\/li>\n<li>Madreselva<\/li>\n<li>Mendia Optika<\/li>\n<li>Moda Mar\u00eda Jes\u00fas<\/li>\n<li>\u00d3ptica Mart\u00ednez de Lizarduy<\/li>\n<li>\u00d3ptica y audici\u00f3n Ballester<\/li>\n<li>Perfumer\u00eda Gil<\/li>\n<li>Top 100 Caps<\/li>\n<li>Trium<\/li>\n<\/ul>\n<p>&nbsp;<\/p>\n<p>&nbsp;<\/p>\n<p>&nbsp;<\/p>\n<p>&nbsp;<\/p>\n","protected":false},"excerpt":{"rendered":"<p>MARTES 4 \/ ASTEARTEA 20:00 \u2022 TENDENCIAS \/ JOERAK: Presentaci\u00f3n de las Tendencias de la temporada con prendas de comercios locales.* \u2022 GUIKURI: Independencia, 30 \u2022 BOUTIQUE INFANTIL ELBE: Canciller Ayala, 1 \u2022 DISE\u00d1ADORA \/ DISENATZAILEA: Eva G\u00f3mez &#8211; Elysea Studio \u2022 MARA MUJER: Beato Tom\u00e1s de Zum\u00e1rraga, 34 &nbsp; MI\u00c9RCOLES 5 \/ ASTEAZKENA 20:00 \u2022 TENDENCIAS \/ JOERAK: Presentaci\u00f3n de las Tendencias de la temporada con prendas de comercios locales.* \u2022 GALER\u00cdAS XARA: Badaia, 21 \u2022 ATELIER VITORIA: Domingo Beltr\u00e1n, 39 \u2022 DISE\u00d1ADOR \/ DISENATZAILEA: Jon Vacas &#8211; Ko\u00eb&hellip;<\/p>\n","protected":false},"author":1,"featured_media":0,"parent":0,"menu_order":0,"comment_status":"closed","ping_status":"open","template":"","meta":{"footnotes":""},"class_list":["post-24","page","type-page","status-publish","hentry"],"yoast_head":"<!-- This site is optimized with the Yoast SEO plugin v27.4 - https:\/\/yoast.com\/product\/yoast-seo-wordpress\/ -->\n<title>DESFILES - Pasarela Gasteiz On<\/title>\n<meta name=\"robots\" content=\"index, follow, max-snippet:-1, max-image-preview:large, max-video-preview:-1\" \/>\n<link rel=\"canonical\" href=\"http:\/\/pasarelagasteizon.com\/wordpress\/desfiles\/\" \/>\n<meta property=\"og:locale\" content=\"es_ES\" \/>\n<meta property=\"og:type\" content=\"article\" \/>\n<meta property=\"og:title\" content=\"DESFILES - Pasarela Gasteiz On\" \/>\n<meta property=\"og:description\" content=\"MARTES 4 \/ ASTEARTEA 20:00 \u2022 TENDENCIAS \/ JOERAK: Presentaci\u00f3n de las Tendencias de la temporada con prendas de comercios locales.* \u2022 GUIKURI: Independencia, 30 \u2022 BOUTIQUE INFANTIL ELBE: Canciller Ayala, 1 \u2022 DISE\u00d1ADORA \/ DISENATZAILEA: Eva G\u00f3mez &#8211; Elysea Studio \u2022 MARA MUJER: Beato Tom\u00e1s de Zum\u00e1rraga, 34 &nbsp; MI\u00c9RCOLES 5 \/ ASTEAZKENA 20:00 \u2022 TENDENCIAS \/ JOERAK: Presentaci\u00f3n de las Tendencias de la temporada con prendas de comercios locales.* \u2022 GALER\u00cdAS XARA: Badaia, 21 \u2022 ATELIER VITORIA: Domingo Beltr\u00e1n, 39 \u2022 DISE\u00d1ADOR \/ DISENATZAILEA: Jon Vacas &#8211; Ko\u00eb&hellip;\" \/>\n<meta property=\"og:url\" content=\"http:\/\/pasarelagasteizon.com\/wordpress\/desfiles\/\" \/>\n<meta property=\"og:site_name\" content=\"Pasarela Gasteiz On\" \/>\n<meta property=\"article:modified_time\" content=\"2025-10-24T13:24:14+00:00\" \/>\n<meta name=\"twitter:label1\" content=\"Tiempo de lectura\" \/>\n\t<meta name=\"twitter:data1\" content=\"2 minutos\" \/>\n<script type=\"application\/ld+json\" class=\"yoast-schema-graph\">{\"@context\":\"https:\\\/\\\/schema.org\",\"@graph\":[{\"@type\":\"WebPage\",\"@id\":\"http:\\\/\\\/pasarelagasteizon.com\\\/wordpress\\\/desfiles\\\/\",\"url\":\"http:\\\/\\\/pasarelagasteizon.com\\\/wordpress\\\/desfiles\\\/\",\"name\":\"DESFILES - Pasarela Gasteiz On\",\"isPartOf\":{\"@id\":\"http:\\\/\\\/pasarelagasteizon.com\\\/wordpress\\\/#website\"},\"datePublished\":\"2013-09-18T00:45:10+00:00\",\"dateModified\":\"2025-10-24T13:24:14+00:00\",\"breadcrumb\":{\"@id\":\"http:\\\/\\\/pasarelagasteizon.com\\\/wordpress\\\/desfiles\\\/#breadcrumb\"},\"inLanguage\":\"es\",\"potentialAction\":[{\"@type\":\"ReadAction\",\"target\":[\"http:\\\/\\\/pasarelagasteizon.com\\\/wordpress\\\/desfiles\\\/\"]}]},{\"@type\":\"BreadcrumbList\",\"@id\":\"http:\\\/\\\/pasarelagasteizon.com\\\/wordpress\\\/desfiles\\\/#breadcrumb\",\"itemListElement\":[{\"@type\":\"ListItem\",\"position\":1,\"name\":\"Portada\",\"item\":\"http:\\\/\\\/pasarelagasteizon.com\\\/wordpress\\\/\"},{\"@type\":\"ListItem\",\"position\":2,\"name\":\"DESFILES\"}]},{\"@type\":\"WebSite\",\"@id\":\"http:\\\/\\\/pasarelagasteizon.com\\\/wordpress\\\/#website\",\"url\":\"http:\\\/\\\/pasarelagasteizon.com\\\/wordpress\\\/\",\"name\":\"Pasarela Gasteiz On\",\"description\":\"Pasarela de Moda de Vitoria-Gasteiz, Pais Vasco, Euskadi\",\"publisher\":{\"@id\":\"http:\\\/\\\/pasarelagasteizon.com\\\/wordpress\\\/#organization\"},\"potentialAction\":[{\"@type\":\"SearchAction\",\"target\":{\"@type\":\"EntryPoint\",\"urlTemplate\":\"http:\\\/\\\/pasarelagasteizon.com\\\/wordpress\\\/?s={search_term_string}\"},\"query-input\":{\"@type\":\"PropertyValueSpecification\",\"valueRequired\":true,\"valueName\":\"search_term_string\"}}],\"inLanguage\":\"es\"},{\"@type\":\"Organization\",\"@id\":\"http:\\\/\\\/pasarelagasteizon.com\\\/wordpress\\\/#organization\",\"name\":\"Pasarela Gasteiz On\",\"url\":\"http:\\\/\\\/pasarelagasteizon.com\\\/wordpress\\\/\",\"logo\":{\"@type\":\"ImageObject\",\"inLanguage\":\"es\",\"@id\":\"http:\\\/\\\/pasarelagasteizon.com\\\/wordpress\\\/#\\\/schema\\\/logo\\\/image\\\/\",\"url\":\"https:\\\/\\\/i0.wp.com\\\/pasarelagasteizon.com\\\/wordpress\\\/wp-content\\\/uploads\\\/2021\\\/09\\\/cropped-Logo-transparente-1-e1631584688615.png?fit=92%2C34\",\"contentUrl\":\"https:\\\/\\\/i0.wp.com\\\/pasarelagasteizon.com\\\/wordpress\\\/wp-content\\\/uploads\\\/2021\\\/09\\\/cropped-Logo-transparente-1-e1631584688615.png?fit=92%2C34\",\"width\":92,\"height\":34,\"caption\":\"Pasarela Gasteiz On\"},\"image\":{\"@id\":\"http:\\\/\\\/pasarelagasteizon.com\\\/wordpress\\\/#\\\/schema\\\/logo\\\/image\\\/\"}}]}<\/script>\n<!-- \/ Yoast SEO plugin. -->","yoast_head_json":{"title":"DESFILES - Pasarela Gasteiz On","robots":{"index":"index","follow":"follow","max-snippet":"max-snippet:-1","max-image-preview":"max-image-preview:large","max-video-preview":"max-video-preview:-1"},"canonical":"http:\/\/pasarelagasteizon.com\/wordpress\/desfiles\/","og_locale":"es_ES","og_type":"article","og_title":"DESFILES - Pasarela Gasteiz On","og_description":"MARTES 4 \/ ASTEARTEA 20:00 \u2022 TENDENCIAS \/ JOERAK: Presentaci\u00f3n de las Tendencias de la temporada con prendas de comercios locales.* \u2022 GUIKURI: Independencia, 30 \u2022 BOUTIQUE INFANTIL ELBE: Canciller Ayala, 1 \u2022 DISE\u00d1ADORA \/ DISENATZAILEA: Eva G\u00f3mez &#8211; Elysea Studio \u2022 MARA MUJER: Beato Tom\u00e1s de Zum\u00e1rraga, 34 &nbsp; MI\u00c9RCOLES 5 \/ ASTEAZKENA 20:00 \u2022 TENDENCIAS \/ JOERAK: Presentaci\u00f3n de las Tendencias de la temporada con prendas de comercios locales.* \u2022 GALER\u00cdAS XARA: Badaia, 21 \u2022 ATELIER VITORIA: Domingo Beltr\u00e1n, 39 \u2022 DISE\u00d1ADOR \/ DISENATZAILEA: Jon Vacas &#8211; Ko\u00eb&hellip;","og_url":"http:\/\/pasarelagasteizon.com\/wordpress\/desfiles\/","og_site_name":"Pasarela Gasteiz On","article_modified_time":"2025-10-24T13:24:14+00:00","twitter_misc":{"Tiempo de lectura":"2 minutos"},"schema":{"@context":"https:\/\/schema.org","@graph":[{"@type":"WebPage","@id":"http:\/\/pasarelagasteizon.com\/wordpress\/desfiles\/","url":"http:\/\/pasarelagasteizon.com\/wordpress\/desfiles\/","name":"DESFILES - Pasarela Gasteiz On","isPartOf":{"@id":"http:\/\/pasarelagasteizon.com\/wordpress\/#website"},"datePublished":"2013-09-18T00:45:10+00:00","dateModified":"2025-10-24T13:24:14+00:00","breadcrumb":{"@id":"http:\/\/pasarelagasteizon.com\/wordpress\/desfiles\/#breadcrumb"},"inLanguage":"es","potentialAction":[{"@type":"ReadAction","target":["http:\/\/pasarelagasteizon.com\/wordpress\/desfiles\/"]}]},{"@type":"BreadcrumbList","@id":"http:\/\/pasarelagasteizon.com\/wordpress\/desfiles\/#breadcrumb","itemListElement":[{"@type":"ListItem","position":1,"name":"Portada","item":"http:\/\/pasarelagasteizon.com\/wordpress\/"},{"@type":"ListItem","position":2,"name":"DESFILES"}]},{"@type":"WebSite","@id":"http:\/\/pasarelagasteizon.com\/wordpress\/#website","url":"http:\/\/pasarelagasteizon.com\/wordpress\/","name":"Pasarela Gasteiz On","description":"Pasarela de Moda de Vitoria-Gasteiz, Pais Vasco, Euskadi","publisher":{"@id":"http:\/\/pasarelagasteizon.com\/wordpress\/#organization"},"potentialAction":[{"@type":"SearchAction","target":{"@type":"EntryPoint","urlTemplate":"http:\/\/pasarelagasteizon.com\/wordpress\/?s={search_term_string}"},"query-input":{"@type":"PropertyValueSpecification","valueRequired":true,"valueName":"search_term_string"}}],"inLanguage":"es"},{"@type":"Organization","@id":"http:\/\/pasarelagasteizon.com\/wordpress\/#organization","name":"Pasarela Gasteiz On","url":"http:\/\/pasarelagasteizon.com\/wordpress\/","logo":{"@type":"ImageObject","inLanguage":"es","@id":"http:\/\/pasarelagasteizon.com\/wordpress\/#\/schema\/logo\/image\/","url":"https:\/\/i0.wp.com\/pasarelagasteizon.com\/wordpress\/wp-content\/uploads\/2021\/09\/cropped-Logo-transparente-1-e1631584688615.png?fit=92%2C34","contentUrl":"https:\/\/i0.wp.com\/pasarelagasteizon.com\/wordpress\/wp-content\/uploads\/2021\/09\/cropped-Logo-transparente-1-e1631584688615.png?fit=92%2C34","width":92,"height":34,"caption":"Pasarela Gasteiz On"},"image":{"@id":"http:\/\/pasarelagasteizon.com\/wordpress\/#\/schema\/logo\/image\/"}}]}},"jetpack_sharing_enabled":true,"_links":{"self":[{"href":"http:\/\/pasarelagasteizon.com\/wordpress\/wp-json\/wp\/v2\/pages\/24","targetHints":{"allow":["GET"]}}],"collection":[{"href":"http:\/\/pasarelagasteizon.com\/wordpress\/wp-json\/wp\/v2\/pages"}],"about":[{"href":"http:\/\/pasarelagasteizon.com\/wordpress\/wp-json\/wp\/v2\/types\/page"}],"author":[{"embeddable":true,"href":"http:\/\/pasarelagasteizon.com\/wordpress\/wp-json\/wp\/v2\/users\/1"}],"replies":[{"embeddable":true,"href":"http:\/\/pasarelagasteizon.com\/wordpress\/wp-json\/wp\/v2\/comments?post=24"}],"version-history":[{"count":33,"href":"http:\/\/pasarelagasteizon.com\/wordpress\/wp-json\/wp\/v2\/pages\/24\/revisions"}],"predecessor-version":[{"id":14076,"href":"http:\/\/pasarelagasteizon.com\/wordpress\/wp-json\/wp\/v2\/pages\/24\/revisions\/14076"}],"wp:attachment":[{"href":"http:\/\/pasarelagasteizon.com\/wordpress\/wp-json\/wp\/v2\/media?parent=24"}],"curies":[{"name":"wp","href":"https:\/\/api.w.org\/{rel}","templated":true}]}}